{"id":41,"date":"2026-03-31T20:35:56","date_gmt":"2026-03-31T18:35:56","guid":{"rendered":"https:\/\/greenbreathpharma.com\/?page_id=41"},"modified":"2026-04-03T18:21:57","modified_gmt":"2026-04-03T16:21:57","slug":"startseite","status":"publish","type":"page","link":"https:\/\/greenbreathpharma.com\/","title":{"rendered":"Startseite"},"content":{"rendered":"\t\t<div data-elementor-type=\"wp-page\" data-elementor-id=\"41\" class=\"elementor elementor-41\">\n\t\t\t\t<div class=\"elementor-element elementor-element-33e7832 e-con-full e-flex e-con e-parent\" data-id=\"33e7832\" data-element_type=\"container\" data-e-type=\"container\" data-settings=\"{&quot;background_background&quot;:&quot;classic&quot;}\">\n\t\t\t\t<div class=\"elementor-element elementor-element-70b2eb8 elementor-widget elementor-widget-heading\" data-id=\"70b2eb8\" data-element_type=\"widget\" data-e-type=\"widget\" data-widget_type=\"heading.default\">\n\t\t\t\t\t<h1 class=\"elementor-heading-title elementor-size-default\">Qualit\u00e4t, die heilt<\/h1>\t\t\t\t<\/div>\n\t\t\t\t<div class=\"elementor-element elementor-element-8836d73 elementor-widget elementor-widget-text-editor\" data-id=\"8836d73\" data-element_type=\"widget\" data-e-type=\"widget\" data-widget_type=\"text-editor.default\">\n\t\t\t\t\t\t\t\t\t<p>Willkommen bei Green Breath Pharma. Als Ihr zertifizierter Partner f\u00fcr den Import und Gro\u00dfhandel von medizinischem Cannabis und medizinischen Ger\u00e4ten stehen wir f\u00fcr h\u00f6chste Qualit\u00e4t und Zuverl\u00e4ssigkeit. Entdecken Sie mit uns innovative L\u00f6sungen f\u00fcr eine bessere Gesundheit.<\/p>\t\t\t\t\t\t\t\t<\/div>\n\t\t\t\t<div class=\"elementor-element elementor-element-6fc7bac elementor-align-center elementor-widget elementor-widget-button\" data-id=\"6fc7bac\" data-element_type=\"widget\" data-e-type=\"widget\" data-widget_type=\"button.default\">\n\t\t\t\t\t\t\t\t\t\t<a class=\"elementor-button elementor-button-link elementor-size-sm\" href=\"#\">\n\t\t\t\t\t\t<span class=\"elementor-button-content-wrapper\">\n\t\t\t\t\t\t\t\t\t<span class=\"elementor-button-text\">Mehr erfahren<\/span>\n\t\t\t\t\t<\/span>\n\t\t\t\t\t<\/a>\n\t\t\t\t\t\t\t\t<\/div>\n\t\t\t\t<\/div>\n\t\t<div class=\"elementor-element elementor-element-1b6bdbd e-flex e-con-boxed e-con e-parent\" data-id=\"1b6bdbd\" data-element_type=\"container\" data-e-type=\"container\">\n\t\t\t\t\t<div class=\"e-con-inner\">\n\t\t\t\t<div class=\"elementor-element elementor-element-fca202d elementor-widget elementor-widget-image\" data-id=\"fca202d\" data-element_type=\"widget\" data-e-type=\"widget\" data-widget_type=\"image.default\">\n\t\t\t\t\t\t\t\t\t\t\t\t\t\t\t<img fetchpriority=\"high\" decoding=\"async\" width=\"1024\" height=\"696\" src=\"https:\/\/greenbreathpharma.com\/wp-content\/uploads\/2026\/04\/WhatsApp-Image-2026-03-31-at-19.25.20-3-1024x696.jpeg\" class=\"attachment-large size-large wp-image-83\" alt=\"\" srcset=\"https:\/\/greenbreathpharma.com\/wp-content\/uploads\/2026\/04\/WhatsApp-Image-2026-03-31-at-19.25.20-3-1024x696.jpeg 1024w, https:\/\/greenbreathpharma.com\/wp-content\/uploads\/2026\/04\/WhatsApp-Image-2026-03-31-at-19.25.20-3-300x204.jpeg 300w, https:\/\/greenbreathpharma.com\/wp-content\/uploads\/2026\/04\/WhatsApp-Image-2026-03-31-at-19.25.20-3-768x522.jpeg 768w, https:\/\/greenbreathpharma.com\/wp-content\/uploads\/2026\/04\/WhatsApp-Image-2026-03-31-at-19.25.20-3.jpeg 1188w\" sizes=\"(max-width: 1024px) 100vw, 1024px\" \/>\t\t\t\t\t\t\t\t\t\t\t\t\t\t\t<\/div>\n\t\t<div class=\"elementor-element elementor-element-2651957 e-con-full e-flex e-con e-child\" data-id=\"2651957\" data-element_type=\"container\" data-e-type=\"container\">\n\t\t\t\t<div class=\"elementor-element elementor-element-763f070 elementor-widget elementor-widget-heading\" data-id=\"763f070\" data-element_type=\"widget\" data-e-type=\"widget\" data-widget_type=\"heading.default\">\n\t\t\t\t\t<h2 class=\"elementor-heading-title elementor-size-default\">Unsere Expertise<\/h2>\t\t\t\t<\/div>\n\t\t\t\t<div class=\"elementor-element elementor-element-52fa637 elementor-widget elementor-widget-text-editor\" data-id=\"52fa637\" data-element_type=\"widget\" data-e-type=\"widget\" data-widget_type=\"text-editor.default\">\n\t\t\t\t\t\t\t\t\t<p>Bei Green Breath Pharma sind wir stolz auf unsere GDP- und GMP-Zertifizierungen. Dies garantiert Ihnen h\u00f6chste Standards im Import und Gro\u00dfhandel von medizinischem Cannabis und medizinischen Ger\u00e4ten. Wir engagieren uns f\u00fcr Exzellenz in jedem Aspekt unserer Lieferkette.<\/p>\t\t\t\t\t\t\t\t<\/div>\n\t\t\t\t<\/div>\n\t\t\t\t\t<\/div>\n\t\t\t\t<\/div>\n\t\t<div class=\"elementor-element elementor-element-92f9adc e-flex e-con-boxed e-con e-parent\" data-id=\"92f9adc\" data-element_type=\"container\" data-e-type=\"container\">\n\t\t\t\t\t<div class=\"e-con-inner\">\n\t\t\t\t<div class=\"elementor-element elementor-element-3d54f19 elementor-widget elementor-widget-heading\" data-id=\"3d54f19\" data-element_type=\"widget\" data-e-type=\"widget\" data-widget_type=\"heading.default\">\n\t\t\t\t\t<h2 class=\"elementor-heading-title elementor-size-default\">Unser Angebot<\/h2>\t\t\t\t<\/div>\n\t\t\t\t<div class=\"elementor-element elementor-element-30814ab elementor-widget elementor-widget-text-editor\" data-id=\"30814ab\" data-element_type=\"widget\" data-e-type=\"widget\" data-widget_type=\"text-editor.default\">\n\t\t\t\t\t\t\t\t\t<p>Als spezialisierter Gro\u00dfh\u00e4ndler f\u00fcr medizinisches Cannabis und medizinische Ger\u00e4te bieten wir eine breite Palette an L\u00f6sungen, die auf Ihre individuellen Bed\u00fcrfnisse zugeschnitten sind. Unser Fokus liegt auf ma\u00dfgeschneiderten L\u00f6sungen und einer zuverl\u00e4ssigen Versorgung, die auf die Bed\u00fcrfnisse Ihrer Patienten zugeschnitten ist.<\/p>\t\t\t\t\t\t\t\t<\/div>\n\t\t\t\t\t<\/div>\n\t\t\t\t<\/div>\n\t\t<div class=\"elementor-element elementor-element-4790758 e-flex e-con-boxed e-con e-parent\" data-id=\"4790758\" data-element_type=\"container\" data-e-type=\"container\">\n\t\t\t\t\t<div class=\"e-con-inner\">\n\t\t\t\t<div class=\"elementor-element elementor-element-4075b3f elementor-widget elementor-widget-eael-image-accordion\" data-id=\"4075b3f\" data-element_type=\"widget\" data-e-type=\"widget\" data-widget_type=\"eael-image-accordion.default\">\n\t\t\t\t\t    <div class=\"eael-img-accordion accordion-direction-vertical eael-img-accordion-horizontal-align-center eael-img-accordion-vertical-align-center\" id=\"eael-img-accordion-4075b3f\" data-img-accordion-id=\"4075b3f\" data-img-accordion-type=\"on-hover\">\n                    \n            <div class=\"eael-image-accordion-hover eael-image-accordion-item overlay-active\" style=\"background-image: url(https:\/\/greenbreathpharma.com\/wp-content\/uploads\/2026\/04\/WhatsApp-Image-2026-03-31-at-19.25.20-2.jpeg); flex: 3 1 0%;\"  tabindex=\"0\">\n                <div class=\"overlay\">\n                                        <div class=\"overlay-inner  overlay-inner-show\">\n                        <h2 class=\"img-accordion-title\">Medizinisches Cannabis<\/h2>                            <p><p>Wir importieren und vertreiben hochwertiges medizinisches Cannabis, das h\u00f6chsten pharmazeutischen Standards entspricht.<\/p><p>Entdecken Sie unsere Produkte.<\/p><\/p>\n                                            <\/div>\n                <\/div>\n            <\/div>\n                    \n            <div class=\"eael-image-accordion-hover eael-image-accordion-item overlay-active\" style=\"background-image: url(https:\/\/greenbreathpharma.com\/wp-content\/uploads\/2026\/04\/WhatsApp-Image-2026-03-31-at-19.25.20.jpeg); flex: 3 1 0%;\"  tabindex=\"0\">\n                <div class=\"overlay\">\n                                        <div class=\"overlay-inner  overlay-inner-show\">\n                        <h2 class=\"img-accordion-title\">Medizinische Ger\u00e4te<\/h2>                            <p><p>Zus\u00e4tzlich bieten wir eine Auswahl an zertifizierten medizinischen Ger\u00e4ten f\u00fcr Ihre Praxis oder Apotheke.<\/p><p>Sehen Sie sich unsere Ger\u00e4te an.<\/p><\/p>\n                                            <\/div>\n                <\/div>\n            <\/div>\n                    \n            <div class=\"eael-image-accordion-hover eael-image-accordion-item overlay-active\" style=\"background-image: url(https:\/\/greenbreathpharma.com\/wp-content\/uploads\/2026\/04\/pexels-tima-miroshnichenko-6169178-scaled.jpg); flex: 3 1 0%;\"  tabindex=\"0\">\n                <div class=\"overlay\">\n                                        <div class=\"overlay-inner  overlay-inner-show\">\n                        <h2 class=\"img-accordion-title\">Logistik &amp; Vertrieb<\/h2>                            <p><p>Mit unserer GDP-Zertifizierung gew\u00e4hrleisten wir eine sichere und effiziente Lieferung Ihrer Produkte.<\/p><p>Mehr \u00fcber unsere Logistik.<\/p><\/p>\n                                            <\/div>\n                <\/div>\n            <\/div>\n                    \n            <div class=\"eael-image-accordion-hover eael-image-accordion-item overlay-active\" style=\"background-image: url(https:\/\/greenbreathpharma.com\/wp-content\/uploads\/2026\/04\/WhatsApp-Image-2026-03-31-at-19.25.20-1.jpeg); flex: 3 1 0%;\"  tabindex=\"0\">\n                <div class=\"overlay\">\n                                        <div class=\"overlay-inner  overlay-inner-show\">\n                        <h2 class=\"img-accordion-title\">Beratung &amp; Compliance<\/h2>                            <p><p>Wir unterst\u00fctzen Sie bei allen Fragen rund um Compliance und die regulatorischen Anforderungen.<\/p><p>Nehmen Sie jetzt Kontakt mir Uns auf.<\/p><\/p>\n                                            <\/div>\n                <\/div>\n            <\/div>\n                <\/div>\n        <style typr=\"text\/css\">\n                    #eael-img-accordion-4075b3f .eael-image-accordion-hover:hover {\n                        flex: 3 1 0% !important;\n                    }\n                    #eael-img-accordion-4075b3f .eael-image-accordion-hover:hover:hover .overlay-inner * {\n                        opacity: 1;\n                        visibility: visible;\n                        transform: none;\n                        transition: all .3s .3s;\n                    }\n                <\/style>\t\t\t\t<\/div>\n\t\t\t\t\t<\/div>\n\t\t\t\t<\/div>\n\t\t<div class=\"elementor-element elementor-element-d670918 e-flex e-con-boxed e-con e-parent\" data-id=\"d670918\" data-element_type=\"container\" data-e-type=\"container\">\n\t\t\t\t\t<div class=\"e-con-inner\">\n\t\t\t\t<div class=\"elementor-element elementor-element-d678a8c elementor-widget elementor-widget-heading\" data-id=\"d678a8c\" data-element_type=\"widget\" data-e-type=\"widget\" data-widget_type=\"heading.default\">\n\t\t\t\t\t<h2 class=\"elementor-heading-title elementor-size-default\">Unsere Geschichte<\/h2>\t\t\t\t<\/div>\n\t\t\t\t<div class=\"elementor-element elementor-element-328f6d6 elementor-widget elementor-widget-text-editor\" data-id=\"328f6d6\" data-element_type=\"widget\" data-e-type=\"widget\" data-widget_type=\"text-editor.default\">\n\t\t\t\t\t\t\t\t\t<p>Green Breath Pharma wurde aus der \u00dcberzeugung gegr\u00fcndet, dass Qualit\u00e4t und Vertrauen die Grundpfeiler des medizinischen Sektor sind. Unser engagiertes Team in M\u00fcnchen arbeitet mit Leidenschaft daran, Apotheken, Kliniken und Gro\u00dfh\u00e4ndler mit den besten Produkten zu versorgen und einen wertvollen Beitrag zur Patientengesundheit zu leisten.<\/p>\t\t\t\t\t\t\t\t<\/div>\n\t\t\t\t<div class=\"elementor-element elementor-element-324fbdb elementor-widget elementor-widget-button\" data-id=\"324fbdb\" data-element_type=\"widget\" data-e-type=\"widget\" data-widget_type=\"button.default\">\n\t\t\t\t\t\t\t\t\t\t<a class=\"elementor-button elementor-button-link elementor-size-sm\" href=\"#\">\n\t\t\t\t\t\t<span class=\"elementor-button-content-wrapper\">\n\t\t\t\t\t\t\t\t\t<span class=\"elementor-button-text\">\u00dcber Uns<\/span>\n\t\t\t\t\t<\/span>\n\t\t\t\t\t<\/a>\n\t\t\t\t\t\t\t\t<\/div>\n\t\t\t\t\t<\/div>\n\t\t\t\t<\/div>\n\t\t<div class=\"elementor-element elementor-element-85ad484 e-flex e-con-boxed e-con e-parent\" data-id=\"85ad484\" data-element_type=\"container\" data-e-type=\"container\">\n\t\t\t\t\t<div class=\"e-con-inner\">\n\t\t\t\t<div class=\"elementor-element elementor-element-c38d8eb elementor-widget elementor-widget-heading\" data-id=\"c38d8eb\" data-element_type=\"widget\" data-e-type=\"widget\" data-widget_type=\"heading.default\">\n\t\t\t\t\t<h2 class=\"elementor-heading-title elementor-size-default\">Unsere Vision<\/h2>\t\t\t\t<\/div>\n\t\t\t\t<div class=\"elementor-element elementor-element-5be4b4c elementor-widget elementor-widget-text-editor\" data-id=\"5be4b4c\" data-element_type=\"widget\" data-e-type=\"widget\" data-widget_type=\"text-editor.default\">\n\t\t\t\t\t\t\t\t\t<p>Wir sind bestrebt, der f\u00fchrende Partner im Import und Gro\u00dfhandel von medizinischem Cannabis und Ger\u00e4ten in Europa zu werden, angetrieben von Innovation, Nachhaltigkeit und einem unersch\u00fctterlichen Engagement f\u00fcr die Patientensicherheit und die Entwicklung zukunftsweisender Therapien.<\/p>\t\t\t\t\t\t\t\t<\/div>\n\t\t\t\t\t<\/div>\n\t\t\t\t<\/div>\n\t\t<div class=\"elementor-element elementor-element-8b20bd5 e-flex e-con-boxed e-con e-parent\" data-id=\"8b20bd5\" data-element_type=\"container\" data-e-type=\"container\">\n\t\t\t\t\t<div class=\"e-con-inner\">\n\t\t\t\t<div class=\"elementor-element elementor-element-b2a0df7 elementor-widget elementor-widget-heading\" data-id=\"b2a0df7\" data-element_type=\"widget\" data-e-type=\"widget\" data-widget_type=\"heading.default\">\n\t\t\t\t\t<h2 class=\"elementor-heading-title elementor-size-default\">Das sagen unsere Kunden \u00fcber uns<\/h2>\t\t\t\t<\/div>\n\t\t\t\t<div class=\"elementor-element elementor-element-1669306 elementor-widget elementor-widget-testimonial\" data-id=\"1669306\" data-element_type=\"widget\" data-e-type=\"widget\" data-widget_type=\"testimonial.default\">\n\t\t\t\t\t\t\t<div class=\"elementor-testimonial-wrapper\">\n\t\t\t\t\t\t\t<div class=\"elementor-testimonial-content\">\"Die Zusammenarbeit mit Green Breath Pharma ist hervorragend. Ihre Zuverl\u00e4ssigkeit und die Qualit\u00e4t der Produkte sind un\u00fcbertroffen. Wir sch\u00e4tzen Ihre Professionalit\u00e4t sehr.\"<\/div>\n\t\t\t\n\t\t\t\t\t<\/div>\n\t\t\t\t\t\t<\/div>\n\t\t\t\t\t<\/div>\n\t\t\t\t<\/div>\n\t\t\t\t<\/div>\n\t\t","protected":false},"excerpt":{"rendered":"<p>Qualit\u00e4t, die heilt Willkommen bei Green Breath Pharma. Als Ihr zertifizierter Partner f\u00fcr den Import und Gro\u00dfhandel von medizinischem Cannabis [&hellip;]<\/p>\n","protected":false},"author":1,"featured_media":0,"parent":0,"menu_order":0,"comment_status":"closed","ping_status":"closed","template":"elementor_theme","meta":{"site-sidebar-layout":"no-sidebar","site-content-layout":"","ast-site-content-layout":"full-width-container","site-content-style":"default","site-sidebar-style":"default","ast-global-header-display":"","ast-banner-title-visibility":"","ast-main-header-display":"","ast-hfb-above-header-display":"","ast-hfb-below-header-display":"","ast-hfb-mobile-header-display":"","site-post-title":"disabled","ast-breadcrumbs-content":"","ast-featured-img":"disabled","footer-sml-layout":"","ast-disable-related-posts":"","theme-transparent-header-meta":"","adv-header-id-meta":"","stick-header-meta":"","header-above-stick-meta":"","header-main-stick-meta":"","header-below-stick-meta":"","astra-migrate-meta-layouts":"default","ast-page-background-enabled":"default","ast-page-background-meta":{"desktop":{"background-color":"var(--ast-global-color-5)","background-image":"","background-repeat":"repeat","background-position":"center center","background-size":"auto","background-attachment":"scroll","background-type":"","background-media":"","overlay-type":"","overlay-color":"","overlay-opacity":"","overlay-gradient":""},"tablet":{"background-color":"","background-image":"","background-repeat":"repeat","background-position":"center center","background-size":"auto","background-attachment":"scroll","background-type":"","background-media":"","overlay-type":"","overlay-color":"","overlay-opacity":"","overlay-gradient":""},"mobile":{"background-color":"","background-image":"","background-repeat":"repeat","background-position":"center center","background-size":"auto","background-attachment":"scroll","background-type":"","background-media":"","overlay-type":"","overlay-color":"","overlay-opacity":"","overlay-gradient":""}},"ast-content-background-meta":{"desktop":{"background-color":"var(--ast-global-color-4)","background-image":"","background-repeat":"repeat","background-position":"center center","background-size":"auto","background-attachment":"scroll","background-type":"","background-media":"","overlay-type":"","overlay-color":"","overlay-opacity":"","overlay-gradient":""},"tablet":{"background-color":"var(--ast-global-color-4)","background-image":"","background-repeat":"repeat","background-position":"center center","background-size":"auto","background-attachment":"scroll","background-type":"","background-media":"","overlay-type":"","overlay-color":"","overlay-opacity":"","overlay-gradient":""},"mobile":{"background-color":"var(--ast-global-color-4)","background-image":"","background-repeat":"repeat","background-position":"center center","background-size":"auto","background-attachment":"scroll","background-type":"","background-media":"","overlay-type":"","overlay-color":"","overlay-opacity":"","overlay-gradient":""}},"footnotes":""},"class_list":["post-41","page","type-page","status-publish","hentry"],"_links":{"self":[{"href":"https:\/\/greenbreathpharma.com\/index.php?rest_route=\/wp\/v2\/pages\/41","targetHints":{"allow":["GET"]}}],"collection":[{"href":"https:\/\/greenbreathpharma.com\/index.php?rest_route=\/wp\/v2\/pages"}],"about":[{"href":"https:\/\/greenbreathpharma.com\/index.php?rest_route=\/wp\/v2\/types\/page"}],"author":[{"embeddable":true,"href":"https:\/\/greenbreathpharma.com\/index.php?rest_route=\/wp\/v2\/users\/1"}],"replies":[{"embeddable":true,"href":"https:\/\/greenbreathpharma.com\/index.php?rest_route=%2Fwp%2Fv2%2Fcomments&post=41"}],"version-history":[{"count":10,"href":"https:\/\/greenbreathpharma.com\/index.php?rest_route=\/wp\/v2\/pages\/41\/revisions"}],"predecessor-version":[{"id":141,"href":"https:\/\/greenbreathpharma.com\/index.php?rest_route=\/wp\/v2\/pages\/41\/revisions\/141"}],"wp:attachment":[{"href":"https:\/\/greenbreathpharma.com\/index.php?rest_route=%2Fwp%2Fv2%2Fmedia&parent=41"}],"curies":[{"name":"wp","href":"https:\/\/api.w.org\/{rel}","templated":true}]}}